{"id":1269,"date":"2021-01-27T15:29:27","date_gmt":"2021-01-27T14:29:27","guid":{"rendered":"https:\/\/twelvepeaks.schneiderundschuetz.com\/?page_id=1269"},"modified":"2023-12-11T17:18:03","modified_gmt":"2023-12-11T16:18:03","slug":"imprint","status":"publish","type":"page","link":"https:\/\/www.12peakstrophy.com\/en\/imprint\/","title":{"rendered":"Imprint"},"content":{"rendered":"\t\t<div data-elementor-type=\"wp-page\" data-elementor-id=\"1269\" class=\"elementor elementor-1269 elementor-989\" data-elementor-post-type=\"page\">\n\t\t\t\t\t\t<section class=\"elementor-section elementor-top-section elementor-element elementor-element-b68da96 elementor-section-boxed elementor-section-height-default elementor-section-height-default\" data-id=\"b68da96\" data-element_type=\"section\" data-e-type=\"section\" data-settings=\"{&quot;jet_parallax_layout_list&quot;:[{&quot;jet_parallax_layout_image&quot;:{&quot;url&quot;:&quot;&quot;,&quot;id&quot;:&quot;&quot;,&quot;size&quot;:&quot;&quot;},&quot;_id&quot;:&quot;2253106&quot;,&quot;jet_parallax_layout_image_tablet&quot;:{&quot;url&quot;:&quot;&quot;,&quot;id&quot;:&quot;&quot;,&quot;size&quot;:&quot;&quot;},&quot;jet_parallax_layout_image_mobile&quot;:{&quot;url&quot;:&quot;&quot;,&quot;id&quot;:&quot;&quot;,&quot;size&quot;:&quot;&quot;},&quot;jet_parallax_layout_speed&quot;:{&quot;unit&quot;:&quot;%&quot;,&quot;size&quot;:50,&quot;sizes&quot;:[]},&quot;jet_parallax_layout_type&quot;:&quot;scroll&quot;,&quot;jet_parallax_layout_direction&quot;:&quot;1&quot;,&quot;jet_parallax_layout_fx_direction&quot;:null,&quot;jet_parallax_layout_z_index&quot;:&quot;&quot;,&quot;jet_parallax_layout_bg_x&quot;:50,&quot;jet_parallax_layout_bg_x_tablet&quot;:&quot;&quot;,&quot;jet_parallax_layout_bg_x_mobile&quot;:&quot;&quot;,&quot;jet_parallax_layout_bg_y&quot;:50,&quot;jet_parallax_layout_bg_y_tablet&quot;:&quot;&quot;,&quot;jet_parallax_layout_bg_y_mobile&quot;:&quot;&quot;,&quot;jet_parallax_layout_bg_size&quot;:&quot;auto&quot;,&quot;jet_parallax_layout_bg_size_tablet&quot;:&quot;&quot;,&quot;jet_parallax_layout_bg_size_mobile&quot;:&quot;&quot;,&quot;jet_parallax_layout_animation_prop&quot;:&quot;transform&quot;,&quot;jet_parallax_layout_on&quot;:[&quot;desktop&quot;,&quot;tablet&quot;]}]}\">\n\t\t\t\t\t\t<div class=\"elementor-container elementor-column-gap-default\">\n\t\t\t\t\t<div class=\"elementor-column elementor-col-100 elementor-top-column elementor-element elementor-element-a7aa8a5\" data-id=\"a7aa8a5\" data-element_type=\"column\" data-e-type=\"column\">\n\t\t\t<div class=\"elementor-widget-wrap elementor-element-populated\">\n\t\t\t\t\t\t<div class=\"elementor-element elementor-element-92a3325 elementor-widget elementor-widget-text-editor\" data-id=\"92a3325\" data-element_type=\"widget\" data-e-type=\"widget\" data-widget_type=\"text-editor.default\">\n\t\t\t\t<div class=\"elementor-widget-container\">\n\t\t\t\t\t\t\t\t\t<h1>IMPRINT \/ DISCLOSURE<\/h1>\n<h3 id=\"operator\">OPERATOR \/ RESPONSIBLE PERSON<\/h3>\t\t\t\t\t\t\t\t<\/div>\n\t\t\t\t<\/div>\n\t\t\t\t<section class=\"elementor-section elementor-inner-section elementor-element elementor-element-6b49471 elementor-section-boxed elementor-section-height-default elementor-section-height-default\" data-id=\"6b49471\" data-element_type=\"section\" data-e-type=\"section\" data-settings=\"{&quot;jet_parallax_layout_list&quot;:[{&quot;jet_parallax_layout_image&quot;:{&quot;url&quot;:&quot;&quot;,&quot;id&quot;:&quot;&quot;,&quot;size&quot;:&quot;&quot;},&quot;_id&quot;:&quot;27e9bc5&quot;,&quot;jet_parallax_layout_image_tablet&quot;:{&quot;url&quot;:&quot;&quot;,&quot;id&quot;:&quot;&quot;,&quot;size&quot;:&quot;&quot;},&quot;jet_parallax_layout_image_mobile&quot;:{&quot;url&quot;:&quot;&quot;,&quot;id&quot;:&quot;&quot;,&quot;size&quot;:&quot;&quot;},&quot;jet_parallax_layout_speed&quot;:{&quot;unit&quot;:&quot;%&quot;,&quot;size&quot;:50,&quot;sizes&quot;:[]},&quot;jet_parallax_layout_type&quot;:&quot;scroll&quot;,&quot;jet_parallax_layout_direction&quot;:&quot;1&quot;,&quot;jet_parallax_layout_fx_direction&quot;:null,&quot;jet_parallax_layout_z_index&quot;:&quot;&quot;,&quot;jet_parallax_layout_bg_x&quot;:50,&quot;jet_parallax_layout_bg_x_tablet&quot;:&quot;&quot;,&quot;jet_parallax_layout_bg_x_mobile&quot;:&quot;&quot;,&quot;jet_parallax_layout_bg_y&quot;:50,&quot;jet_parallax_layout_bg_y_tablet&quot;:&quot;&quot;,&quot;jet_parallax_layout_bg_y_mobile&quot;:&quot;&quot;,&quot;jet_parallax_layout_bg_size&quot;:&quot;auto&quot;,&quot;jet_parallax_layout_bg_size_tablet&quot;:&quot;&quot;,&quot;jet_parallax_layout_bg_size_mobile&quot;:&quot;&quot;,&quot;jet_parallax_layout_animation_prop&quot;:&quot;transform&quot;,&quot;jet_parallax_layout_on&quot;:[&quot;desktop&quot;,&quot;tablet&quot;]}]}\">\n\t\t\t\t\t\t<div class=\"elementor-container elementor-column-gap-default\">\n\t\t\t\t\t<div class=\"elementor-column elementor-col-33 elementor-inner-column elementor-element elementor-element-5b079f5\" data-id=\"5b079f5\" data-element_type=\"column\" data-e-type=\"column\">\n\t\t\t<div class=\"elementor-widget-wrap elementor-element-populated\">\n\t\t\t\t\t\t<div class=\"elementor-element elementor-element-4b7b3ba elementor-widget elementor-widget-text-editor\" data-id=\"4b7b3ba\" data-element_type=\"widget\" data-e-type=\"widget\" data-widget_type=\"text-editor.default\">\n\t\t\t\t<div class=\"elementor-widget-container\">\n\t\t\t\t\t\t\t\t\t<p><strong>SHUTTLEBERG GmbH &amp; Co KG<\/strong><br \/>CEO Josef Harml, GF Mag. Maria Th. Schmid-Harml MA<br \/>H\u00f6chweg 152<br \/>5542 Flachau<br \/>Austria<\/p><p>Phone:<br \/>+43 6457 2072 (B\u00fcro der Gesch\u00e4ftsf\u00fchrung)<br \/>seeyou@shuttleberg.com<\/p><p>Commercial register No.: 27531m<br \/>VAT ID number: ATU35390000<\/p><p><strong>Commercial register court:<\/strong> Landesgericht Salzburg<br \/><strong style=\"caret-color: #000000; color: #000000;\">Agency ECG<\/strong><strong>:<\/strong> Bezirkshauptmannschaft Sankt Johann im Pongau<br \/><strong>Agency:<\/strong> Fachverband der Seilbahnen \u00d6sterreichs<\/p>\t\t\t\t\t\t\t\t<\/div>\n\t\t\t\t<\/div>\n\t\t\t\t\t<\/div>\n\t\t<\/div>\n\t\t\t\t<div class=\"elementor-column elementor-col-33 elementor-inner-column elementor-element elementor-element-43b1387\" data-id=\"43b1387\" data-element_type=\"column\" data-e-type=\"column\">\n\t\t\t<div class=\"elementor-widget-wrap elementor-element-populated\">\n\t\t\t\t\t\t<div class=\"elementor-element elementor-element-9c438a4 elementor-widget elementor-widget-text-editor\" data-id=\"9c438a4\" data-element_type=\"widget\" data-e-type=\"widget\" data-widget_type=\"text-editor.default\">\n\t\t\t\t<div class=\"elementor-widget-container\">\n\t\t\t\t\t\t\t\t\t<p><strong>Zauchensee Liftgesellschaft<\/strong><br \/>Benedikt Scheffer GmbH<br \/>Zauchensee 28<br \/>5541 Altenmarkt<br \/>Austria<br \/>Phone: +43 6452 40 00<br \/>Fax: +43 6452 40 85<br \/>Email: bergbahnen@zauchensee-amade.at<\/p><p>CEO:\u00a0 Veronika Scheffer<\/p><p><span style=\"color: var( --e-global-color-text ); font-family: var( --e-global-typography-text-font-family ), Sans-serif; font-size: var( --e-global-typography-text-font-size );\">Commercial register No.<\/span>: FN 55775y<br \/>VAT ID number:\u00a0ATU35216707<br \/>DVR-No. 4010984<\/p><p><strong style=\"font-family: var( --e-global-typography-text-font-family ), Sans-serif; font-size: var( --e-global-typography-text-font-size ); caret-color: #000000; color: #000000;\">Commercial register court<\/strong><strong>:<\/strong> Landesgericht Salzburg<br \/><strong style=\"caret-color: #000000; color: #000000;\">Agency ECG<\/strong><strong>:<\/strong> Bezirkshauptmannschaft St. Johann\/Pg.<br \/><strong>Kammerzuge\u00f6hrigkeit:<\/strong> Wirtschaftskammer Salzburg<br \/>Fachgruppe: Seilbahnen, Gastronomie<\/p>\t\t\t\t\t\t\t\t<\/div>\n\t\t\t\t<\/div>\n\t\t\t\t\t<\/div>\n\t\t<\/div>\n\t\t\t\t<div class=\"elementor-column elementor-col-33 elementor-inner-column elementor-element elementor-element-d373c54\" data-id=\"d373c54\" data-element_type=\"column\" data-e-type=\"column\">\n\t\t\t<div class=\"elementor-widget-wrap elementor-element-populated\">\n\t\t\t\t\t\t<div class=\"elementor-element elementor-element-e5bc3ca elementor-widget elementor-widget-text-editor\" data-id=\"e5bc3ca\" data-element_type=\"widget\" data-e-type=\"widget\" data-widget_type=\"text-editor.default\">\n\t\t\t\t<div class=\"elementor-widget-container\">\n\t\t\t\t\t\t\t\t\t<p><strong>Snow Space Salzburg Bergbahnen Aktiengesellschaft<\/strong><br \/>Markt 59<br \/>5602 Wagrain<br \/>Austria<\/p><p>VAT ID No.: ATU 34005000<br \/>Commercial register No.: 43926y<\/p><p><strong>Commercial register court:<\/strong>\u00a0Landesgericht Salzburg<br \/><strong>Agency ECG:<\/strong>\u00a0Bezirkshauptmannschaft St. Johann im Pongau<\/p><p><strong>Agency:<\/strong> Seilbahnen, Bau, Freizeitbetriebe<br \/><br \/><\/p>\t\t\t\t\t\t\t\t<\/div>\n\t\t\t\t<\/div>\n\t\t\t\t\t<\/div>\n\t\t<\/div>\n\t\t\t\t\t<\/div>\n\t\t<\/section>\n\t\t\t\t<div class=\"elementor-element elementor-element-16a689d elementor-widget elementor-widget-text-editor\" data-id=\"16a689d\" data-element_type=\"widget\" data-e-type=\"widget\" data-widget_type=\"text-editor.default\">\n\t\t\t\t<div class=\"elementor-widget-container\">\n\t\t\t\t\t\t\t\t\t<h3 id=\"noticesWebsiteContent\">WEBSITE CONTENT<\/h3><p>The information contained on this website was put together with a great deal of care. However, we cannot be held liable for the accuracy, completeness and\/or currentness of the contents. As service providers we are legally responsible for the website contents provided by us according to \u00a7 7 para .1 of the TMG (Tele-Media-Code). However, according to \u00a7\u00a7 8 to 10 TMG as service providers we are not bound to monitor any transmitted or stored information from third parties or to research circumstances that suggest an illegal activity. Obligations to remove or block the use of information remain unaffected in accordance with general law. Liability relating to this applies from the point in time when the operator has knowledge of a concrete breach of the law. As soon as we become aware of any illegal content, we will remove this content immediately.<\/p><h3 id=\"noticesReferenceLinks\">REFERENCE AND LINKS<\/h3><p>Our offers include links to external, third party websites whose contents we have absolutely no influence upon. Therefore, we cannot be held liable for this external content. The website owner\/operator is responsible for the contents of the linked sites. At the time of setting these links, the sites were checked for possible legal violations and no illegal content was identified at that point in time. A constant monitoring of the contents of the linked sites is not considered reasonable without concrete evidence of legal violation. As soon as we become aware of any illegal content, we will remove this content immediately.<\/p><h3 id=\"noticesCopyrightTrademark\">COPYRIGHT AND TRADEMARK LAW<\/h3><p>The content and works provided on this site are governed by copyright laws. Copying, processing, distributing and any kind of use outside the limits of copyright law require the written approval of the site authors and\/or operators. Downloads and copies of the site\u2019s pages can be made for private, non-commercial use only. In so far as the contents on this site were not created by the operator, third-party copyrights are respected. In particular, contents from third-parties will be marked as such. Should you become aware of any copyright violations, we would kindly ask you to inform us. Should we become aware of any illegal content, it will be removed immediately.<\/p><h3 id=\"noticesDisclaimer\">DISCLAIMER<\/h3><p>This liability disclaimer is to be viewed as part of the website from which you were referred. If parts or individual formulations within this text do not, no longer or not entirely comply with the current legal situation, the content and validity of the remaining portions of the document shall remain unaffected.<\/p>\t\t\t\t\t\t\t\t<\/div>\n\t\t\t\t<\/div>\n\t\t\t\t\t<\/div>\n\t\t<\/div>\n\t\t\t\t\t<\/div>\n\t\t<\/section>\n\t\t\t\t<\/div>\n\t\t","protected":false},"excerpt":{"rendered":"<p>IMPRINT \/ DISCLOSURE OPERATOR \/ RESPONSIBLE PERSON SHUTTLEBERG GmbH &amp; Co KGCEO Josef Harml, GF Mag. Maria Th. Schmid-Harml MAH\u00f6chweg 1525542 FlachauAustria Phone:+43 6457 2072 (B\u00fcro der Gesch\u00e4ftsf\u00fchrung)seeyou@shuttleberg.com Commercial register No.: 27531mVAT ID number: ATU35390000 Commercial register court: Landesgericht SalzburgAgency ECG: Bezirkshauptmannschaft Sankt Johann im PongauAgency: Fachverband der Seilbahnen \u00d6sterreichs Zauchensee LiftgesellschaftBenedikt Scheffer GmbHZauchensee 285541 [&hellip;]<\/p>\n","protected":false},"author":1,"featured_media":0,"parent":0,"menu_order":0,"comment_status":"closed","ping_status":"closed","template":"","meta":{"footnotes":""},"class_list":["post-1269","page","type-page","status-publish","hentry"],"_links":{"self":[{"href":"https:\/\/www.12peakstrophy.com\/en\/wp-json\/wp\/v2\/pages\/1269","targetHints":{"allow":["GET"]}}],"collection":[{"href":"https:\/\/www.12peakstrophy.com\/en\/wp-json\/wp\/v2\/pages"}],"about":[{"href":"https:\/\/www.12peakstrophy.com\/en\/wp-json\/wp\/v2\/types\/page"}],"author":[{"embeddable":true,"href":"https:\/\/www.12peakstrophy.com\/en\/wp-json\/wp\/v2\/users\/1"}],"replies":[{"embeddable":true,"href":"https:\/\/www.12peakstrophy.com\/en\/wp-json\/wp\/v2\/comments?post=1269"}],"version-history":[{"count":7,"href":"https:\/\/www.12peakstrophy.com\/en\/wp-json\/wp\/v2\/pages\/1269\/revisions"}],"predecessor-version":[{"id":1934,"href":"https:\/\/www.12peakstrophy.com\/en\/wp-json\/wp\/v2\/pages\/1269\/revisions\/1934"}],"wp:attachment":[{"href":"https:\/\/www.12peakstrophy.com\/en\/wp-json\/wp\/v2\/media?parent=1269"}],"curies":[{"name":"wp","href":"https:\/\/api.w.org\/{rel}","templated":true}]}}